{"id":197,"date":"2012-11-21T21:31:31","date_gmt":"2012-11-21T20:01:31","guid":{"rendered":"http:\/\/huf.org\/wp\/?page_id=197"},"modified":"2026-01-29T07:57:04","modified_gmt":"2026-01-29T06:57:04","slug":"scooter","status":"publish","type":"page","link":"https:\/\/huf.org\/wp\/?page_id=197","title":{"rendered":"impressum \/ imprint"},"content":{"rendered":"<p><center><noscript><a href=\"http:\/\/ws.amazon.de\/widgets\/q?rt=tf_sw&amp;ServiceVersion=20070822&amp;MarketPlace=DE&amp;ID=V20070822%2FDE%2Fhuforg-21%2F8002%2F9b06fa52-1fd7-4f8f-9b89-5346e47fd54b&amp;Operation=NoScript\">Amazon.de Widgets<\/a><\/noscript><\/center><\/p>\n<div class=\"page\" title=\"Page 2\">\n<div class=\"section\">\n<div class=\"layoutArea\">\n<div class=\"column\">\n<h1>Impressum<br \/>\nAngaben gema\u0308\u00df \u00a7 5 TMG<\/h1>\n<p>Oliver Huf<br \/>\nPf\u00e4nderstr. 28<br \/>\n88079 Kressbronn<br \/>\nDeutschland<\/p>\n<h1>Kontakt<\/h1>\n<p>E-Mail: blog@huf.org \u00a0(alternativ: ohuf.blog@gmail.com)<br \/>\nPGP public key: <a href=\"http:\/\/huf.org\/wp\/?page_id=402\">5FD67B7FD484049A<\/a><br \/>\nTelefon: 0.1.5.1.5.4.9.0.6.5.9.4<\/p>\n<h1>Haftung fu\u0308r Inhalte<\/h1>\n<p>Als Diensteanbieter sind wir gema\u0308\u00df \u00a7 7 Abs.1 TMG fu\u0308r eigene Inhalte auf diesen Seiten nach den allgemeinen Gesetzen verantwortlich. Nach \u00a7\u00a7 8 bis 10 TMG sind wir als Diensteanbieter jedoch nicht verpflichtet, u\u0308bermittelte oder gespeicherte fremde Informationen zu u\u0308berwachen oder nach Umsta\u0308nden zu forschen, die auf eine rechtswidrige Ta\u0308tigkeit hinweisen.<\/p>\n<p>Verpflichtungen zur Entfernung oder Sperrung der Nutzung von Informationen nach den allgemeinen Gesetzen bleiben hiervon unberu\u0308hrt. Eine diesbezu\u0308gliche Haftung ist jedoch erst ab dem Zeitpunkt der Kenntnis einer konkreten Rechtsverletzung mo\u0308glich. Bei Bekanntwerden von entsprechenden Rechtsverletzungen werden wir diese Inhalte umgehend entfernen.<\/p>\n<h1>Haftung fu\u0308r Links<\/h1>\n<p>Unser Angebot entha\u0308lt Links zu externen Websites Dritter, auf deren Inhalte wir keinen Einfluss haben. Deshalb ko\u0308nnen wir fu\u0308r diese fremden Inhalte auch keine Gewa\u0308hr u\u0308bernehmen. Fu\u0308r die Inhalte der verlinkten Seiten ist stets der jeweilige Anbieter oder Betreiber der Seiten verantwortlich. Die verlinkten Seiten wurden zum Zeitpunkt der Verlinkung auf mo\u0308gliche Rechtsversto\u0308\u00dfe u\u0308berpru\u0308ft. Rechtswidrige Inhalte waren zum Zeitpunkt der Verlinkung nicht erkennbar.<\/p>\n<p>Eine permanente inhaltliche Kontrolle der verlinkten Seiten ist jedoch ohne konkrete Anhaltspunkte einer Rechtsverletzung nicht zumutbar. Bei Bekanntwerden von Rechtsverletzungen werden wir derartige Links umgehend entfernen.<\/p>\n<h1>Urheberrecht \/ Creative Commons<\/h1>\n<p><span style=\"font-size: inherit; font-weight: 300; color: #333333;\">Dieses Werk ist lizenziert unter einer <\/span><a style=\"font-size: inherit; font-weight: 300;\" href=\"https:\/\/creativecommons.org\/licenses\/by-nc-sa\/4.0\/deed.de\" target=\"_blank\" rel=\"license noopener\">Creative Commons 4.0 Lizenz:\u00a0 Namensnennung &#8211; Nicht-kommerziell &#8211; Weitergabe unter gleichen Bedingungen<\/a><span style=\"font-size: inherit; font-weight: 300; color: #333333;\">.<\/span><\/p>\n<\/div>\n<\/div>\n<\/div>\n<\/div>\n<div class=\"page\" title=\"Page 3\">\n<div class=\"section\">\n<div class=\"layoutArea\">\n<div class=\"column\">\n<p><a href=\"http:\/\/huf.org\/wp\/wp-content\/uploads\/2021\/01\/CC4.0-88x31-1.png\"><img loading=\"lazy\" decoding=\"async\" class=\"alignright wp-image-388 size-full\" src=\"http:\/\/huf.org\/wp\/wp-content\/uploads\/2021\/01\/CC4.0-88x31-1.png\" alt=\"CC BY-NC-SA 4.0\" width=\"88\" height=\"31\" \/><\/a>Sie d\u00fcrfen:<\/p>\n<ul class=\"license-properties\">\n<li class=\"license share\"><strong>Teilen<\/strong>\u00a0\u2014 das Material in jedwedem Format oder Medium vervielf\u00e4ltigen und weiterverbreiten<\/li>\n<li class=\"license remix\"><strong>Bearbeiten<\/strong>\u00a0\u2014 das Material remixen, ver\u00e4ndern und darauf aufbauen<\/li>\n<\/ul>\n<div id=\"deed-conditions\" class=\"row\">\n<p>Unter folgenden Bedingungen:<\/p>\n<ul class=\"license-properties col-md-offset-2 col-md-8\" dir=\"ltr\">\n<li class=\"license by\"><strong>Namensnennung<\/strong>\u00a0\u2014\u00a0Sie m\u00fcssen\u00a0<a id=\"appropriate_credit_popup\" class=\"helpLink\" tabindex=\"0\" title=\"\" href=\"https:\/\/creativecommons.org\/licenses\/by-nc-sa\/4.0\/deed.de#\" data-original-title=\"\">angemessene Urheber- und Rechteangaben machen<\/a>, einen Link zur Lizenz beif\u00fcgen und angeben, ob\u00a0<a id=\"indicate_changes_popup\" class=\"helpLink\" tabindex=\"0\" title=\"\" href=\"https:\/\/creativecommons.org\/licenses\/by-nc-sa\/4.0\/deed.de#\" data-original-title=\"\">\u00c4nderungen vorgenommen<\/a>\u00a0wurden. Diese Angaben d\u00fcrfen in jeder angemessenen Art und Weise gemacht werden, allerdings nicht so, dass der Eindruck entsteht, der Lizenzgeber unterst\u00fctze gerade Sie oder Ihre Nutzung besonders.<span id=\"by-more-container\"><\/span><\/li>\n<li class=\"license nc\"><strong>Nicht kommerziell<\/strong>\u00a0\u2014 Sie d\u00fcrfen das Material nicht f\u00fcr\u00a0<a id=\"commercial_purposes_popup\" class=\"helpLink\" tabindex=\"0\" title=\"\" href=\"https:\/\/creativecommons.org\/licenses\/by-nc-sa\/4.0\/deed.de#\" data-original-title=\"\">kommerzielle Zwecke<\/a> nutzen.<br \/>\nDie auszugsweise Verwendung der eigenen Texte und Bilder, zur Listung in kommerziellen Suchmaschinen (Google, etc) ist ausdr\u00fccklich gestattet!<span id=\"nc-more-container\"><\/span><\/li>\n<li class=\"license sa\"><strong>Weitergabe unter gleichen Bedingungen<\/strong>\u00a0\u2014 Wenn Sie das Material remixen, ver\u00e4ndern oder anderweitig direkt darauf aufbauen, d\u00fcrfen Sie Ihre Beitr\u00e4ge nur unter\u00a0<a id=\"same_license_popup\" class=\"helpLink\" tabindex=\"0\" title=\"\" href=\"https:\/\/creativecommons.org\/licenses\/by-nc-sa\/4.0\/deed.de#\" data-original-title=\"\">derselben Lizenz<\/a>\u00a0wie das Original verbreiten.<span id=\"sa-more-container\"><\/span><\/li>\n<\/ul>\n<\/div>\n<div class=\"row\">\n<ul id=\"deed-conditions-no-icons\" class=\"col-md-offset-2 col-md-8\">\n<li class=\"license\"><strong>Keine weiteren Einschr\u00e4nkungen<\/strong>\u00a0\u2014 Sie d\u00fcrfen keine zus\u00e4tzlichen Klauseln oder\u00a0<a id=\"technological_measures_popup\" class=\"helpLink\" tabindex=\"0\" title=\"\" href=\"https:\/\/creativecommons.org\/licenses\/by-nc-sa\/4.0\/deed.de#\" data-original-title=\"\">technische Verfahren<\/a>\u00a0einsetzen, die anderen rechtlich irgendetwas untersagen, was die Lizenz erlaubt.<\/li>\n<\/ul>\n<\/div>\n<p>Soweit die Inhalte auf dieser Seite nicht vom Betreiber erstellt wurden, werden die Urheberrechte Dritter beachtet. Insbesondere werden Inhalte Dritter als solche gekennzeichnet. Sollten Sie trotzdem auf eine Urheberrechtsverletzung aufmerksam werden, bitten wir um einen entsprechenden Hinweis. Bei Bekanntwerden von Rechtsverletzungen werden wir derartige Inhalte umgehend entfernen.<\/p>\n<\/div>\n<\/div>\n<\/div>\n<\/div>\n","protected":false},"excerpt":{"rendered":"<p>Amazon.de Widgets Impressum Angaben gema\u0308\u00df \u00a7 5 TMG Oliver Huf Pf\u00e4nderstr. 28 88079 Kressbronn Deutschland Kontakt E-Mail: blog@huf.org \u00a0(alternativ: ohuf.blog@gmail.com) PGP public key: 5FD67B7FD484049A Telefon: 0.1.5.1.5.4.9.0.6.5.9.4 Haftung fu\u0308r Inhalte Als Diensteanbieter sind wir gema\u0308\u00df \u00a7 7 Abs.1 TMG fu\u0308r eigene &hellip; <a href=\"https:\/\/huf.org\/wp\/?page_id=197\">Weiterlesen <span class=\"meta-nav\">&rarr;<\/span><\/a><\/p>\n","protected":false},"author":1,"featured_media":0,"parent":0,"menu_order":0,"comment_status":"closed","ping_status":"open","template":"","meta":{"footnotes":""},"class_list":["post-197","page","type-page","status-publish","hentry"],"jetpack_sharing_enabled":true,"_links":{"self":[{"href":"https:\/\/huf.org\/wp\/index.php?rest_route=\/wp\/v2\/pages\/197","targetHints":{"allow":["GET"]}}],"collection":[{"href":"https:\/\/huf.org\/wp\/index.php?rest_route=\/wp\/v2\/pages"}],"about":[{"href":"https:\/\/huf.org\/wp\/index.php?rest_route=\/wp\/v2\/types\/page"}],"author":[{"embeddable":true,"href":"https:\/\/huf.org\/wp\/index.php?rest_route=\/wp\/v2\/users\/1"}],"replies":[{"embeddable":true,"href":"https:\/\/huf.org\/wp\/index.php?rest_route=%2Fwp%2Fv2%2Fcomments&post=197"}],"version-history":[{"count":17,"href":"https:\/\/huf.org\/wp\/index.php?rest_route=\/wp\/v2\/pages\/197\/revisions"}],"predecessor-version":[{"id":570,"href":"https:\/\/huf.org\/wp\/index.php?rest_route=\/wp\/v2\/pages\/197\/revisions\/570"}],"wp:attachment":[{"href":"https:\/\/huf.org\/wp\/index.php?rest_route=%2Fwp%2Fv2%2Fmedia&parent=197"}],"curies":[{"name":"wp","href":"https:\/\/api.w.org\/{rel}","templated":true}]}}